{"id":108,"date":"2022-02-07T18:46:34","date_gmt":"2022-02-07T18:46:34","guid":{"rendered":"http:\/\/www.villamoretti.com\/o-nama\/"},"modified":"2022-06-14T14:53:08","modified_gmt":"2022-06-14T14:53:08","slug":"o-nama","status":"publish","type":"page","link":"https:\/\/www.villamoretti.com\/hr\/o-nama\/","title":{"rendered":"O nama"},"content":{"rendered":"\t\t<div data-elementor-type=\"wp-page\" data-elementor-id=\"108\" class=\"elementor elementor-108 elementor-39\" data-elementor-post-type=\"page\">\n\t\t\t\t\t\t<section class=\"elementor-section elementor-top-section elementor-element elementor-element-d0feb7d elementor-section-boxed elementor-section-height-default elementor-section-height-default\" data-id=\"d0feb7d\" data-element_type=\"section\">\n\t\t\t\t\t\t<div class=\"elementor-container elementor-column-gap-default\">\n\t\t\t\t\t<div class=\"elementor-column elementor-col-50 elementor-top-column elementor-element elementor-element-eebe074\" data-id=\"eebe074\" data-element_type=\"column\">\n\t\t\t<div class=\"elementor-widget-wrap elementor-element-populated\">\n\t\t\t\t\t\t<div class=\"elementor-element elementor-element-173ecbc elementor-widget elementor-widget-text-editor\" data-id=\"173ecbc\" data-element_type=\"widget\" data-widget_type=\"text-editor.default\">\n\t\t\t\t<div class=\"elementor-widget-container\">\n\t\t\t\t\t\t\t\t\t<p><strong>Hotel Villa Moretti<\/strong> u Trogiru \u0161armantan je, boutique hotel u pala\u010di iz 17. stolje\u0107a, koju je izgradila obitelj moreplovaca i brodovlasnika Moretti. Smje\u0161taj se nalazi na samoj rivi, s pogledom na povijesni grad Trogir. Nema boljeg mjesta za opu\u0161tanje i u\u017eivanje u pogledu od Hotela villa Moretti Trogir, prije nego \u0161to krenete u laganu petominutnu \u0161etnju rivom u renesansni grad, kako biste istra\u017eili trgovine, barove, restorane i kulturne atrakcije ovog UNESCO-vog Centra svjetske ba\u0161tine. Hotel Villa Moretti i dobar dio interijera soba, ostali su o\u010duvani.<\/p><p>Nudimo vrlo udoban smje\u0161taj na bazi no\u0107enja s doru\u010dkom u pet lijepih, dobro opremljenih soba s vlastitiom kupaonicom. Svaka soba ima prekrasan pogled s prozora na grad i more. Gostima je na raspolaganju i velika terasa s prekrasnim pogledom na more i panoramu Trogirskog zaljeva. Terasa je natkrivena te tako prikladna i za boravak tijekom sun\u010danog dijela dana kao i za ljeti rijetkih ki\u0161nih dana.<\/p>\t\t\t\t\t\t\t\t<\/div>\n\t\t\t\t<\/div>\n\t\t\t\t\t<\/div>\n\t\t<\/div>\n\t\t\t\t<div class=\"elementor-column elementor-col-50 elementor-top-column elementor-element elementor-element-cc7bbbd\" data-id=\"cc7bbbd\" data-element_type=\"column\">\n\t\t\t<div class=\"elementor-widget-wrap elementor-element-populated\">\n\t\t\t\t\t\t<div class=\"elementor-element elementor-element-e367117 elementor-widget elementor-widget-image\" data-id=\"e367117\" data-element_type=\"widget\" data-widget_type=\"image.default\">\n\t\t\t\t<div class=\"elementor-widget-container\">\n\t\t\t\t\t\t\t\t\t\t\t\t\t\t\t<img fetchpriority=\"high\" decoding=\"async\" width=\"1024\" height=\"575\" src=\"https:\/\/www.villamoretti.com\/wp-content\/uploads\/2022\/03\/Villa-Moretti-Welcome4-1024x575.jpg\" class=\"attachment-large size-large wp-image-518\" alt=\"\" srcset=\"https:\/\/www.villamoretti.com\/wp-content\/uploads\/2022\/03\/Villa-Moretti-Welcome4-1024x575.jpg 1024w, https:\/\/www.villamoretti.com\/wp-content\/uploads\/2022\/03\/Villa-Moretti-Welcome4-300x169.jpg 300w, https:\/\/www.villamoretti.com\/wp-content\/uploads\/2022\/03\/Villa-Moretti-Welcome4-768x431.jpg 768w, https:\/\/www.villamoretti.com\/wp-content\/uploads\/2022\/03\/Villa-Moretti-Welcome4.jpg 1200w\" sizes=\"(max-width: 1024px) 100vw, 1024px\" \/>\t\t\t\t\t\t\t\t\t\t\t\t\t\t\t<\/div>\n\t\t\t\t<\/div>\n\t\t\t\t\t<\/div>\n\t\t<\/div>\n\t\t\t\t\t<\/div>\n\t\t<\/section>\n\t\t\t\t<section class=\"elementor-section elementor-top-section elementor-element elementor-element-38cfe7c elementor-section-boxed elementor-section-height-default elementor-section-height-default\" data-id=\"38cfe7c\" data-element_type=\"section\">\n\t\t\t\t\t\t<div class=\"elementor-container elementor-column-gap-default\">\n\t\t\t\t\t<div class=\"elementor-column elementor-col-100 elementor-top-column elementor-element elementor-element-b08b76f\" data-id=\"b08b76f\" data-element_type=\"column\">\n\t\t\t<div class=\"elementor-widget-wrap elementor-element-populated\">\n\t\t\t\t\t\t<div class=\"elementor-element elementor-element-bfb1abb elementor-widget elementor-widget-image\" data-id=\"bfb1abb\" data-element_type=\"widget\" data-widget_type=\"image.default\">\n\t\t\t\t<div class=\"elementor-widget-container\">\n\t\t\t\t\t\t\t\t\t\t\t\t\t\t\t<img decoding=\"async\" width=\"1024\" height=\"682\" src=\"https:\/\/www.villamoretti.com\/wp-content\/uploads\/2022\/03\/Trogir-dan.jpg\" class=\"attachment-large size-large wp-image-420\" alt=\"\" srcset=\"https:\/\/www.villamoretti.com\/wp-content\/uploads\/2022\/03\/Trogir-dan.jpg 1024w, https:\/\/www.villamoretti.com\/wp-content\/uploads\/2022\/03\/Trogir-dan-300x200.jpg 300w, https:\/\/www.villamoretti.com\/wp-content\/uploads\/2022\/03\/Trogir-dan-768x512.jpg 768w, https:\/\/www.villamoretti.com\/wp-content\/uploads\/2022\/03\/Trogir-dan-375x249.jpg 375w, https:\/\/www.villamoretti.com\/wp-content\/uploads\/2022\/03\/Trogir-dan-500x332.jpg 500w, https:\/\/www.villamoretti.com\/wp-content\/uploads\/2022\/03\/Trogir-dan-450x299.jpg 450w\" sizes=\"(max-width: 1024px) 100vw, 1024px\" \/>\t\t\t\t\t\t\t\t\t\t\t\t\t\t\t<\/div>\n\t\t\t\t<\/div>\n\t\t\t\t\t<\/div>\n\t\t<\/div>\n\t\t\t\t\t<\/div>\n\t\t<\/section>\n\t\t\t\t<section class=\"elementor-section elementor-top-section elementor-element elementor-element-e62972a elementor-section-boxed elementor-section-height-default elementor-section-height-default\" data-id=\"e62972a\" data-element_type=\"section\">\n\t\t\t\t\t\t<div class=\"elementor-container elementor-column-gap-default\">\n\t\t\t\t\t<div class=\"elementor-column elementor-col-50 elementor-top-column elementor-element elementor-element-b0e6285\" data-id=\"b0e6285\" data-element_type=\"column\">\n\t\t\t<div class=\"elementor-widget-wrap elementor-element-populated\">\n\t\t\t\t\t\t<div class=\"elementor-element elementor-element-89b0117 elementor-widget elementor-widget-image\" data-id=\"89b0117\" data-element_type=\"widget\" data-widget_type=\"image.default\">\n\t\t\t\t<div class=\"elementor-widget-container\">\n\t\t\t\t\t\t\t\t\t\t\t\t\t\t\t<img decoding=\"async\" width=\"1024\" height=\"658\" src=\"https:\/\/www.villamoretti.com\/wp-content\/uploads\/2022\/03\/Trogir-marina.jpg\" class=\"attachment-large size-large wp-image-416\" alt=\"\" srcset=\"https:\/\/www.villamoretti.com\/wp-content\/uploads\/2022\/03\/Trogir-marina.jpg 1024w, https:\/\/www.villamoretti.com\/wp-content\/uploads\/2022\/03\/Trogir-marina-300x193.jpg 300w, https:\/\/www.villamoretti.com\/wp-content\/uploads\/2022\/03\/Trogir-marina-768x494.jpg 768w\" sizes=\"(max-width: 1024px) 100vw, 1024px\" \/>\t\t\t\t\t\t\t\t\t\t\t\t\t\t\t<\/div>\n\t\t\t\t<\/div>\n\t\t\t\t\t<\/div>\n\t\t<\/div>\n\t\t\t\t<div class=\"elementor-column elementor-col-50 elementor-top-column elementor-element elementor-element-39d8809\" data-id=\"39d8809\" data-element_type=\"column\">\n\t\t\t<div class=\"elementor-widget-wrap elementor-element-populated\">\n\t\t\t\t\t\t<div class=\"elementor-element elementor-element-731780c elementor-widget elementor-widget-heading\" data-id=\"731780c\" data-element_type=\"widget\" data-widget_type=\"heading.default\">\n\t\t\t\t<div class=\"elementor-widget-container\">\n\t\t\t\t\t<h2 class=\"elementor-heading-title elementor-size-default\">NEKOLIKO ZANIMLJIVOSTI O HOTELU VILLA MORETTI TROGIR<\/h2>\t\t\t\t<\/div>\n\t\t\t\t<\/div>\n\t\t\t\t<div class=\"elementor-element elementor-element-6e07e1d elementor-widget elementor-widget-text-editor\" data-id=\"6e07e1d\" data-element_type=\"widget\" data-widget_type=\"text-editor.default\">\n\t\t\t\t<div class=\"elementor-widget-container\">\n\t\t\t\t\t\t\t\t\t<p>Hotel Villa Moretti u vlasni\u0161tvu je <strong>obitelji Moretti<\/strong> i njenih predaka od 1792. godine. Spada u skupinu povijesnih za\u0161ti\u0107enih ku\u0107a u <strong>Trogiru<\/strong> . Slijedom toga nemamo lift ali smo Vam spremni pomo\u0107i s Va\u0161om prtljagom.<br>Glavni dio interijera poput stropova oslikanih freskama izvorno su sa\u010duvani i izra\u0111eni prije vi\u0161e od 150 godina (izradili venecijanski majstori)<br>Obitelj je poznata po zbirci nauti\u010dke opreme (koja se koristila na jedrenjacima u vlasni\u0161tvu obitelji Moretti) i starih pomorskih karata, kao i zbirci originalnih starih razglednica Trogira, nekih hrvatskih i europskih gradova.<\/p>\t\t\t\t\t\t\t\t<\/div>\n\t\t\t\t<\/div>\n\t\t\t\t\t<\/div>\n\t\t<\/div>\n\t\t\t\t\t<\/div>\n\t\t<\/section>\n\t\t\t\t<\/div>\n\t\t","protected":false},"excerpt":{"rendered":"<p>Hotel Villa Moretti u Trogiru \u0161armantan je, boutique hotel u pala\u010di iz 17. stolje\u0107a, koju je izgradila obitelj moreplovaca i brodovlasnika Moretti. Smje\u0161taj se nalazi na samoj rivi, s pogledom na povijesni grad Trogir. Nema boljeg mjesta za opu\u0161tanje i u\u017eivanje u pogledu od Hotela villa Moretti Trogir, prije nego \u0161to krenete u laganu petominutnu \u0161etnju rivom u renesansni grad, kako biste istra\u017eili trgovine, barove, restorane i kulturne atrakcije ovog UNESCO-vog Centra svjetske ba\u0161tine. Hotel Villa Moretti i dobar dio interijera soba, ostali su o\u010duvani. Nudimo vrlo udoban smje\u0161taj na bazi no\u0107enja s doru\u010dkom u pet lijepih, dobro opremljenih soba s vlastitiom kupaonicom. Svaka soba ima prekrasan pogled s prozora na grad i more. Gostima je na raspolaganju i velika terasa s prekrasnim pogledom na more i panoramu Trogirskog zaljeva. Terasa je natkrivena te tako prikladna i za boravak tijekom sun\u010danog dijela dana kao i za ljeti rijetkih ki\u0161nih dana. NEKOLIKO ZANIMLJIVOSTI O HOTELU VILLA MORETTI TROGIR Hotel Villa Moretti u vlasni\u0161tvu je obitelji Moretti i njenih predaka od 1792. godine. Spada u skupinu povijesnih za\u0161ti\u0107enih ku\u0107a u Trogiru . Slijedom toga nemamo lift ali smo Vam spremni pomo\u0107i s Va\u0161om prtljagom.Glavni dio interijera poput stropova oslikanih freskama izvorno su [&hellip;]<\/p>\n","protected":false},"author":1,"featured_media":0,"parent":0,"menu_order":0,"comment_status":"closed","ping_status":"closed","template":"page-fullwidth.php","meta":{"footnotes":""},"class_list":["post-108","page","type-page","status-publish","hentry"],"yoast_head":"<!-- This site is optimized with the Yoast SEO plugin v25.0 - https:\/\/yoast.com\/wordpress\/plugins\/seo\/ -->\n<title>O nama - Villa Moretti<\/title>\n<meta name=\"robots\" content=\"index, follow, max-snippet:-1, max-image-preview:large, max-video-preview:-1\" \/>\n<link rel=\"canonical\" href=\"https:\/\/www.villamoretti.com\/hr\/o-nama\/\" \/>\n<meta property=\"og:locale\" content=\"hr_HR\" \/>\n<meta property=\"og:type\" content=\"article\" \/>\n<meta property=\"og:title\" content=\"O nama - Villa Moretti\" \/>\n<meta property=\"og:description\" content=\"Hotel Villa Moretti u Trogiru \u0161armantan je, boutique hotel u pala\u010di iz 17. stolje\u0107a, koju je izgradila obitelj moreplovaca i brodovlasnika Moretti. Smje\u0161taj se nalazi na samoj rivi, s pogledom na povijesni grad Trogir. Nema boljeg mjesta za opu\u0161tanje i u\u017eivanje u pogledu od Hotela villa Moretti Trogir, prije nego \u0161to krenete u laganu petominutnu \u0161etnju rivom u renesansni grad, kako biste istra\u017eili trgovine, barove, restorane i kulturne atrakcije ovog UNESCO-vog Centra svjetske ba\u0161tine. Hotel Villa Moretti i dobar dio interijera soba, ostali su o\u010duvani. Nudimo vrlo udoban smje\u0161taj na bazi no\u0107enja s doru\u010dkom u pet lijepih, dobro opremljenih soba s vlastitiom kupaonicom. Svaka soba ima prekrasan pogled s prozora na grad i more. Gostima je na raspolaganju i velika terasa s prekrasnim pogledom na more i panoramu Trogirskog zaljeva. Terasa je natkrivena te tako prikladna i za boravak tijekom sun\u010danog dijela dana kao i za ljeti rijetkih ki\u0161nih dana. NEKOLIKO ZANIMLJIVOSTI O HOTELU VILLA MORETTI TROGIR Hotel Villa Moretti u vlasni\u0161tvu je obitelji Moretti i njenih predaka od 1792. godine. Spada u skupinu povijesnih za\u0161ti\u0107enih ku\u0107a u Trogiru . Slijedom toga nemamo lift ali smo Vam spremni pomo\u0107i s Va\u0161om prtljagom.Glavni dio interijera poput stropova oslikanih freskama izvorno su [&hellip;]\" \/>\n<meta property=\"og:url\" content=\"https:\/\/www.villamoretti.com\/hr\/o-nama\/\" \/>\n<meta property=\"og:site_name\" content=\"Villa Moretti\" \/>\n<meta property=\"article:publisher\" content=\"https:\/\/www.facebook.com\/villa.moretti.trogir\" \/>\n<meta property=\"article:modified_time\" content=\"2022-06-14T14:53:08+00:00\" \/>\n<meta property=\"og:image\" content=\"https:\/\/www.villamoretti.com\/wp-content\/uploads\/2022\/03\/Villa-Moretti-Welcome4-1024x575.jpg\" \/>\n<meta name=\"twitter:card\" content=\"summary_large_image\" \/>\n<meta name=\"twitter:label1\" content=\"Procijenjeno vrijeme \u010ditanja\" \/>\n\t<meta name=\"twitter:data1\" content=\"1 minuta\" \/>\n<script type=\"application\/ld+json\" class=\"yoast-schema-graph\">{\"@context\":\"https:\/\/schema.org\",\"@graph\":[{\"@type\":\"WebPage\",\"@id\":\"https:\/\/www.villamoretti.com\/hr\/o-nama\/\",\"url\":\"https:\/\/www.villamoretti.com\/hr\/o-nama\/\",\"name\":\"O nama - Villa Moretti\",\"isPartOf\":{\"@id\":\"https:\/\/www.villamoretti.com\/#website\"},\"primaryImageOfPage\":{\"@id\":\"https:\/\/www.villamoretti.com\/hr\/o-nama\/#primaryimage\"},\"image\":{\"@id\":\"https:\/\/www.villamoretti.com\/hr\/o-nama\/#primaryimage\"},\"thumbnailUrl\":\"https:\/\/www.villamoretti.com\/wp-content\/uploads\/2022\/03\/Villa-Moretti-Welcome4-1024x575.jpg\",\"datePublished\":\"2022-02-07T18:46:34+00:00\",\"dateModified\":\"2022-06-14T14:53:08+00:00\",\"breadcrumb\":{\"@id\":\"https:\/\/www.villamoretti.com\/hr\/o-nama\/#breadcrumb\"},\"inLanguage\":\"hr\",\"potentialAction\":[{\"@type\":\"ReadAction\",\"target\":[\"https:\/\/www.villamoretti.com\/hr\/o-nama\/\"]}]},{\"@type\":\"ImageObject\",\"inLanguage\":\"hr\",\"@id\":\"https:\/\/www.villamoretti.com\/hr\/o-nama\/#primaryimage\",\"url\":\"https:\/\/www.villamoretti.com\/wp-content\/uploads\/2022\/03\/Villa-Moretti-Welcome4-1024x575.jpg\",\"contentUrl\":\"https:\/\/www.villamoretti.com\/wp-content\/uploads\/2022\/03\/Villa-Moretti-Welcome4-1024x575.jpg\"},{\"@type\":\"BreadcrumbList\",\"@id\":\"https:\/\/www.villamoretti.com\/hr\/o-nama\/#breadcrumb\",\"itemListElement\":[{\"@type\":\"ListItem\",\"position\":1,\"name\":\"Home\",\"item\":\"https:\/\/www.villamoretti.com\/hr\/dom\/\"},{\"@type\":\"ListItem\",\"position\":2,\"name\":\"O nama\"}]},{\"@type\":\"WebSite\",\"@id\":\"https:\/\/www.villamoretti.com\/#website\",\"url\":\"https:\/\/www.villamoretti.com\/\",\"name\":\"Villa Moretti\",\"description\":\"Villa Moretti Trogir\",\"publisher\":{\"@id\":\"https:\/\/www.villamoretti.com\/#organization\"},\"potentialAction\":[{\"@type\":\"SearchAction\",\"target\":{\"@type\":\"EntryPoint\",\"urlTemplate\":\"https:\/\/www.villamoretti.com\/?s={search_term_string}\"},\"query-input\":{\"@type\":\"PropertyValueSpecification\",\"valueRequired\":true,\"valueName\":\"search_term_string\"}}],\"inLanguage\":\"hr\"},{\"@type\":\"Organization\",\"@id\":\"https:\/\/www.villamoretti.com\/#organization\",\"name\":\"Villa Moretti\",\"url\":\"https:\/\/www.villamoretti.com\/\",\"logo\":{\"@type\":\"ImageObject\",\"inLanguage\":\"hr\",\"@id\":\"https:\/\/www.villamoretti.com\/#\/schema\/logo\/image\/\",\"url\":\"https:\/\/www.villamoretti.com\/wp-content\/uploads\/2022\/02\/villa_moretti_logo_official.png\",\"contentUrl\":\"https:\/\/www.villamoretti.com\/wp-content\/uploads\/2022\/02\/villa_moretti_logo_official.png\",\"width\":816,\"height\":224,\"caption\":\"Villa Moretti\"},\"image\":{\"@id\":\"https:\/\/www.villamoretti.com\/#\/schema\/logo\/image\/\"},\"sameAs\":[\"https:\/\/www.facebook.com\/villa.moretti.trogir\",\"https:\/\/www.instagram.com\/villa.moretti\/\"]}]}<\/script>\n<!-- \/ Yoast SEO plugin. -->","yoast_head_json":{"title":"O nama - Villa Moretti","robots":{"index":"index","follow":"follow","max-snippet":"max-snippet:-1","max-image-preview":"max-image-preview:large","max-video-preview":"max-video-preview:-1"},"canonical":"https:\/\/www.villamoretti.com\/hr\/o-nama\/","og_locale":"hr_HR","og_type":"article","og_title":"O nama - Villa Moretti","og_description":"Hotel Villa Moretti u Trogiru \u0161armantan je, boutique hotel u pala\u010di iz 17. stolje\u0107a, koju je izgradila obitelj moreplovaca i brodovlasnika Moretti. Smje\u0161taj se nalazi na samoj rivi, s pogledom na povijesni grad Trogir. Nema boljeg mjesta za opu\u0161tanje i u\u017eivanje u pogledu od Hotela villa Moretti Trogir, prije nego \u0161to krenete u laganu petominutnu \u0161etnju rivom u renesansni grad, kako biste istra\u017eili trgovine, barove, restorane i kulturne atrakcije ovog UNESCO-vog Centra svjetske ba\u0161tine. Hotel Villa Moretti i dobar dio interijera soba, ostali su o\u010duvani. Nudimo vrlo udoban smje\u0161taj na bazi no\u0107enja s doru\u010dkom u pet lijepih, dobro opremljenih soba s vlastitiom kupaonicom. Svaka soba ima prekrasan pogled s prozora na grad i more. Gostima je na raspolaganju i velika terasa s prekrasnim pogledom na more i panoramu Trogirskog zaljeva. Terasa je natkrivena te tako prikladna i za boravak tijekom sun\u010danog dijela dana kao i za ljeti rijetkih ki\u0161nih dana. NEKOLIKO ZANIMLJIVOSTI O HOTELU VILLA MORETTI TROGIR Hotel Villa Moretti u vlasni\u0161tvu je obitelji Moretti i njenih predaka od 1792. godine. Spada u skupinu povijesnih za\u0161ti\u0107enih ku\u0107a u Trogiru . Slijedom toga nemamo lift ali smo Vam spremni pomo\u0107i s Va\u0161om prtljagom.Glavni dio interijera poput stropova oslikanih freskama izvorno su [&hellip;]","og_url":"https:\/\/www.villamoretti.com\/hr\/o-nama\/","og_site_name":"Villa Moretti","article_publisher":"https:\/\/www.facebook.com\/villa.moretti.trogir","article_modified_time":"2022-06-14T14:53:08+00:00","og_image":[{"url":"https:\/\/www.villamoretti.com\/wp-content\/uploads\/2022\/03\/Villa-Moretti-Welcome4-1024x575.jpg","type":"","width":"","height":""}],"twitter_card":"summary_large_image","twitter_misc":{"Procijenjeno vrijeme \u010ditanja":"1 minuta"},"schema":{"@context":"https:\/\/schema.org","@graph":[{"@type":"WebPage","@id":"https:\/\/www.villamoretti.com\/hr\/o-nama\/","url":"https:\/\/www.villamoretti.com\/hr\/o-nama\/","name":"O nama - Villa Moretti","isPartOf":{"@id":"https:\/\/www.villamoretti.com\/#website"},"primaryImageOfPage":{"@id":"https:\/\/www.villamoretti.com\/hr\/o-nama\/#primaryimage"},"image":{"@id":"https:\/\/www.villamoretti.com\/hr\/o-nama\/#primaryimage"},"thumbnailUrl":"https:\/\/www.villamoretti.com\/wp-content\/uploads\/2022\/03\/Villa-Moretti-Welcome4-1024x575.jpg","datePublished":"2022-02-07T18:46:34+00:00","dateModified":"2022-06-14T14:53:08+00:00","breadcrumb":{"@id":"https:\/\/www.villamoretti.com\/hr\/o-nama\/#breadcrumb"},"inLanguage":"hr","potentialAction":[{"@type":"ReadAction","target":["https:\/\/www.villamoretti.com\/hr\/o-nama\/"]}]},{"@type":"ImageObject","inLanguage":"hr","@id":"https:\/\/www.villamoretti.com\/hr\/o-nama\/#primaryimage","url":"https:\/\/www.villamoretti.com\/wp-content\/uploads\/2022\/03\/Villa-Moretti-Welcome4-1024x575.jpg","contentUrl":"https:\/\/www.villamoretti.com\/wp-content\/uploads\/2022\/03\/Villa-Moretti-Welcome4-1024x575.jpg"},{"@type":"BreadcrumbList","@id":"https:\/\/www.villamoretti.com\/hr\/o-nama\/#breadcrumb","itemListElement":[{"@type":"ListItem","position":1,"name":"Home","item":"https:\/\/www.villamoretti.com\/hr\/dom\/"},{"@type":"ListItem","position":2,"name":"O nama"}]},{"@type":"WebSite","@id":"https:\/\/www.villamoretti.com\/#website","url":"https:\/\/www.villamoretti.com\/","name":"Villa Moretti","description":"Villa Moretti Trogir","publisher":{"@id":"https:\/\/www.villamoretti.com\/#organization"},"potentialAction":[{"@type":"SearchAction","target":{"@type":"EntryPoint","urlTemplate":"https:\/\/www.villamoretti.com\/?s={search_term_string}"},"query-input":{"@type":"PropertyValueSpecification","valueRequired":true,"valueName":"search_term_string"}}],"inLanguage":"hr"},{"@type":"Organization","@id":"https:\/\/www.villamoretti.com\/#organization","name":"Villa Moretti","url":"https:\/\/www.villamoretti.com\/","logo":{"@type":"ImageObject","inLanguage":"hr","@id":"https:\/\/www.villamoretti.com\/#\/schema\/logo\/image\/","url":"https:\/\/www.villamoretti.com\/wp-content\/uploads\/2022\/02\/villa_moretti_logo_official.png","contentUrl":"https:\/\/www.villamoretti.com\/wp-content\/uploads\/2022\/02\/villa_moretti_logo_official.png","width":816,"height":224,"caption":"Villa Moretti"},"image":{"@id":"https:\/\/www.villamoretti.com\/#\/schema\/logo\/image\/"},"sameAs":["https:\/\/www.facebook.com\/villa.moretti.trogir","https:\/\/www.instagram.com\/villa.moretti\/"]}]}},"jetpack_sharing_enabled":true,"_links":{"self":[{"href":"https:\/\/www.villamoretti.com\/hr\/wp-json\/wp\/v2\/pages\/108","targetHints":{"allow":["GET"]}}],"collection":[{"href":"https:\/\/www.villamoretti.com\/hr\/wp-json\/wp\/v2\/pages"}],"about":[{"href":"https:\/\/www.villamoretti.com\/hr\/wp-json\/wp\/v2\/types\/page"}],"author":[{"embeddable":true,"href":"https:\/\/www.villamoretti.com\/hr\/wp-json\/wp\/v2\/users\/1"}],"replies":[{"embeddable":true,"href":"https:\/\/www.villamoretti.com\/hr\/wp-json\/wp\/v2\/comments?post=108"}],"version-history":[{"count":6,"href":"https:\/\/www.villamoretti.com\/hr\/wp-json\/wp\/v2\/pages\/108\/revisions"}],"predecessor-version":[{"id":760,"href":"https:\/\/www.villamoretti.com\/hr\/wp-json\/wp\/v2\/pages\/108\/revisions\/760"}],"wp:attachment":[{"href":"https:\/\/www.villamoretti.com\/hr\/wp-json\/wp\/v2\/media?parent=108"}],"curies":[{"name":"wp","href":"https:\/\/api.w.org\/{rel}","templated":true}]}}