{"id":96,"date":"2022-02-07T17:01:44","date_gmt":"2022-02-07T17:01:44","guid":{"rendered":"http:\/\/www.villamoretti.com\/dom\/"},"modified":"2025-05-07T15:20:22","modified_gmt":"2025-05-07T15:20:22","slug":"dom","status":"publish","type":"page","link":"https:\/\/www.villamoretti.com\/hr\/","title":{"rendered":"Po\u010detna"},"content":{"rendered":"","protected":false},"excerpt":{"rendered":"","protected":false},"author":1,"featured_media":0,"parent":0,"menu_order":0,"comment_status":"closed","ping_status":"closed","template":"home-page.php","meta":{"footnotes":""},"class_list":["post-96","page","type-page","status-publish","hentry"],"yoast_head":"<!-- This site is optimized with the Yoast SEO plugin v25.0 - https:\/\/yoast.com\/wordpress\/plugins\/seo\/ -->\n<title>Villa Moretti Trogir - Udobne sobe u Trogiru - Hrvatska<\/title>\n<meta name=\"description\" content=\"Hotel Villa Moretti u Trogiru je \u0161armantan, boutique hotel u pala\u010di iz 17. stolje\u0107a, koju je izgradila obitelj Moretti. Na\u0161e sobe s prekrasnim pogledom na grad i more\" \/>\n<meta name=\"robots\" content=\"index, follow, max-snippet:-1, max-image-preview:large, max-video-preview:-1\" \/>\n<link rel=\"canonical\" href=\"https:\/\/www.villamoretti.com\/hr\/dom\/\" \/>\n<meta property=\"og:locale\" content=\"hr_HR\" \/>\n<meta property=\"og:type\" content=\"article\" \/>\n<meta property=\"og:title\" content=\"Villa Moretti Trogir - Udobne sobe u Trogiru - Hrvatska\" \/>\n<meta property=\"og:description\" content=\"Hotel Villa Moretti u Trogiru je \u0161armantan, boutique hotel u pala\u010di iz 17. stolje\u0107a, koju je izgradila obitelj Moretti. Na\u0161e sobe s prekrasnim pogledom na grad i more\" \/>\n<meta property=\"og:url\" content=\"https:\/\/www.villamoretti.com\/hr\/dom\/\" \/>\n<meta property=\"og:site_name\" content=\"Villa Moretti\" \/>\n<meta property=\"article:publisher\" content=\"https:\/\/www.facebook.com\/villa.moretti.trogir\" \/>\n<meta property=\"article:modified_time\" content=\"2025-05-07T15:20:22+00:00\" \/>\n<meta property=\"og:image\" content=\"https:\/\/www.villamoretti.com\/wp-content\/uploads\/2022\/03\/Villa-Moretti-Welcome4-1024x575.jpg\" \/>\n<meta name=\"twitter:card\" content=\"summary_large_image\" \/>\n<script type=\"application\/ld+json\" class=\"yoast-schema-graph\">{\"@context\":\"https:\/\/schema.org\",\"@graph\":[{\"@type\":\"WebPage\",\"@id\":\"https:\/\/www.villamoretti.com\/hr\/dom\/\",\"url\":\"https:\/\/www.villamoretti.com\/hr\/dom\/\",\"name\":\"Villa Moretti Trogir - Udobne sobe u Trogiru - Hrvatska\",\"isPartOf\":{\"@id\":\"https:\/\/www.villamoretti.com\/#website\"},\"datePublished\":\"2022-02-07T17:01:44+00:00\",\"dateModified\":\"2025-05-07T15:20:22+00:00\",\"description\":\"Hotel Villa Moretti u Trogiru je \u0161armantan, boutique hotel u pala\u010di iz 17. stolje\u0107a, koju je izgradila obitelj Moretti. Na\u0161e sobe s prekrasnim pogledom na grad i more\",\"breadcrumb\":{\"@id\":\"https:\/\/www.villamoretti.com\/hr\/dom\/#breadcrumb\"},\"inLanguage\":\"hr\",\"potentialAction\":[{\"@type\":\"ReadAction\",\"target\":[\"https:\/\/www.villamoretti.com\/hr\/dom\/\"]}]},{\"@type\":\"BreadcrumbList\",\"@id\":\"https:\/\/www.villamoretti.com\/hr\/dom\/#breadcrumb\",\"itemListElement\":[{\"@type\":\"ListItem\",\"position\":1,\"name\":\"Home\",\"item\":\"https:\/\/www.villamoretti.com\/hr\/dom\/\"},{\"@type\":\"ListItem\",\"position\":2,\"name\":\"Po\u010detna\"}]},{\"@type\":\"WebSite\",\"@id\":\"https:\/\/www.villamoretti.com\/#website\",\"url\":\"https:\/\/www.villamoretti.com\/\",\"name\":\"Villa Moretti\",\"description\":\"Villa Moretti Trogir\",\"publisher\":{\"@id\":\"https:\/\/www.villamoretti.com\/#organization\"},\"potentialAction\":[{\"@type\":\"SearchAction\",\"target\":{\"@type\":\"EntryPoint\",\"urlTemplate\":\"https:\/\/www.villamoretti.com\/?s={search_term_string}\"},\"query-input\":{\"@type\":\"PropertyValueSpecification\",\"valueRequired\":true,\"valueName\":\"search_term_string\"}}],\"inLanguage\":\"hr\"},{\"@type\":\"Organization\",\"@id\":\"https:\/\/www.villamoretti.com\/#organization\",\"name\":\"Villa Moretti\",\"url\":\"https:\/\/www.villamoretti.com\/\",\"logo\":{\"@type\":\"ImageObject\",\"inLanguage\":\"hr\",\"@id\":\"https:\/\/www.villamoretti.com\/#\/schema\/logo\/image\/\",\"url\":\"https:\/\/www.villamoretti.com\/wp-content\/uploads\/2022\/02\/villa_moretti_logo_official.png\",\"contentUrl\":\"https:\/\/www.villamoretti.com\/wp-content\/uploads\/2022\/02\/villa_moretti_logo_official.png\",\"width\":816,\"height\":224,\"caption\":\"Villa Moretti\"},\"image\":{\"@id\":\"https:\/\/www.villamoretti.com\/#\/schema\/logo\/image\/\"},\"sameAs\":[\"https:\/\/www.facebook.com\/villa.moretti.trogir\",\"https:\/\/www.instagram.com\/villa.moretti\/\"]}]}<\/script>\n<!-- \/ Yoast SEO plugin. -->","yoast_head_json":{"title":"Villa Moretti Trogir - Udobne sobe u Trogiru - Hrvatska","description":"Hotel Villa Moretti u Trogiru je \u0161armantan, boutique hotel u pala\u010di iz 17. stolje\u0107a, koju je izgradila obitelj Moretti. Na\u0161e sobe s prekrasnim pogledom na grad i more","robots":{"index":"index","follow":"follow","max-snippet":"max-snippet:-1","max-image-preview":"max-image-preview:large","max-video-preview":"max-video-preview:-1"},"canonical":"https:\/\/www.villamoretti.com\/hr\/dom\/","og_locale":"hr_HR","og_type":"article","og_title":"Villa Moretti Trogir - Udobne sobe u Trogiru - Hrvatska","og_description":"Hotel Villa Moretti u Trogiru je \u0161armantan, boutique hotel u pala\u010di iz 17. stolje\u0107a, koju je izgradila obitelj Moretti. Na\u0161e sobe s prekrasnim pogledom na grad i more","og_url":"https:\/\/www.villamoretti.com\/hr\/dom\/","og_site_name":"Villa Moretti","article_publisher":"https:\/\/www.facebook.com\/villa.moretti.trogir","article_modified_time":"2025-05-07T15:20:22+00:00","og_image":[{"url":"https:\/\/www.villamoretti.com\/wp-content\/uploads\/2022\/03\/Villa-Moretti-Welcome4-1024x575.jpg","type":"","width":"","height":""}],"twitter_card":"summary_large_image","schema":{"@context":"https:\/\/schema.org","@graph":[{"@type":"WebPage","@id":"https:\/\/www.villamoretti.com\/hr\/dom\/","url":"https:\/\/www.villamoretti.com\/hr\/dom\/","name":"Villa Moretti Trogir - Udobne sobe u Trogiru - Hrvatska","isPartOf":{"@id":"https:\/\/www.villamoretti.com\/#website"},"datePublished":"2022-02-07T17:01:44+00:00","dateModified":"2025-05-07T15:20:22+00:00","description":"Hotel Villa Moretti u Trogiru je \u0161armantan, boutique hotel u pala\u010di iz 17. stolje\u0107a, koju je izgradila obitelj Moretti. Na\u0161e sobe s prekrasnim pogledom na grad i more","breadcrumb":{"@id":"https:\/\/www.villamoretti.com\/hr\/dom\/#breadcrumb"},"inLanguage":"hr","potentialAction":[{"@type":"ReadAction","target":["https:\/\/www.villamoretti.com\/hr\/dom\/"]}]},{"@type":"BreadcrumbList","@id":"https:\/\/www.villamoretti.com\/hr\/dom\/#breadcrumb","itemListElement":[{"@type":"ListItem","position":1,"name":"Home","item":"https:\/\/www.villamoretti.com\/hr\/dom\/"},{"@type":"ListItem","position":2,"name":"Po\u010detna"}]},{"@type":"WebSite","@id":"https:\/\/www.villamoretti.com\/#website","url":"https:\/\/www.villamoretti.com\/","name":"Villa Moretti","description":"Villa Moretti Trogir","publisher":{"@id":"https:\/\/www.villamoretti.com\/#organization"},"potentialAction":[{"@type":"SearchAction","target":{"@type":"EntryPoint","urlTemplate":"https:\/\/www.villamoretti.com\/?s={search_term_string}"},"query-input":{"@type":"PropertyValueSpecification","valueRequired":true,"valueName":"search_term_string"}}],"inLanguage":"hr"},{"@type":"Organization","@id":"https:\/\/www.villamoretti.com\/#organization","name":"Villa Moretti","url":"https:\/\/www.villamoretti.com\/","logo":{"@type":"ImageObject","inLanguage":"hr","@id":"https:\/\/www.villamoretti.com\/#\/schema\/logo\/image\/","url":"https:\/\/www.villamoretti.com\/wp-content\/uploads\/2022\/02\/villa_moretti_logo_official.png","contentUrl":"https:\/\/www.villamoretti.com\/wp-content\/uploads\/2022\/02\/villa_moretti_logo_official.png","width":816,"height":224,"caption":"Villa Moretti"},"image":{"@id":"https:\/\/www.villamoretti.com\/#\/schema\/logo\/image\/"},"sameAs":["https:\/\/www.facebook.com\/villa.moretti.trogir","https:\/\/www.instagram.com\/villa.moretti\/"]}]}},"jetpack_sharing_enabled":true,"_links":{"self":[{"href":"https:\/\/www.villamoretti.com\/hr\/wp-json\/wp\/v2\/pages\/96","targetHints":{"allow":["GET"]}}],"collection":[{"href":"https:\/\/www.villamoretti.com\/hr\/wp-json\/wp\/v2\/pages"}],"about":[{"href":"https:\/\/www.villamoretti.com\/hr\/wp-json\/wp\/v2\/types\/page"}],"author":[{"embeddable":true,"href":"https:\/\/www.villamoretti.com\/hr\/wp-json\/wp\/v2\/users\/1"}],"replies":[{"embeddable":true,"href":"https:\/\/www.villamoretti.com\/hr\/wp-json\/wp\/v2\/comments?post=96"}],"version-history":[{"count":2,"href":"https:\/\/www.villamoretti.com\/hr\/wp-json\/wp\/v2\/pages\/96\/revisions"}],"predecessor-version":[{"id":147,"href":"https:\/\/www.villamoretti.com\/hr\/wp-json\/wp\/v2\/pages\/96\/revisions\/147"}],"wp:attachment":[{"href":"https:\/\/www.villamoretti.com\/hr\/wp-json\/wp\/v2\/media?parent=96"}],"curies":[{"name":"wp","href":"https:\/\/api.w.org\/{rel}","templated":true}]}}